{"id":10875,"date":"2026-04-22T15:23:52","date_gmt":"2026-04-22T13:23:52","guid":{"rendered":"https:\/\/www.fondazionearnaldopomodoro.it\/?page_id=10875"},"modified":"2026-04-22T16:52:10","modified_gmt":"2026-04-22T14:52:10","slug":"l-archivio","status":"publish","type":"page","link":"https:\/\/www.fondazionearnaldopomodoro.it\/en\/la-fondazione\/l-archivio\/","title":{"rendered":"L&#8217;Archivio"},"content":{"rendered":"<div id=\"fws_69e939413e2ee\"  data-column-margin=\"default\" data-midnight=\"dark\"  class=\"wpb_row vc_row-fluid vc_row\"  style=\"padding-top: 0px; padding-bottom: 0px; \"><div class=\"row-bg-wrap\" data-bg-animation=\"none\" data-bg-animation-delay=\"\" data-bg-overlay=\"false\"><div class=\"inner-wrap row-bg-layer\" ><div class=\"row-bg viewport-desktop\"  style=\"\"><\/div><\/div><\/div><div class=\"row_col_wrap_12 col span_12 dark left\">\n\t<div  class=\"vc_col-sm-12 wpb_column column_container vc_column_container col no-extra-padding inherit_tablet inherit_phone\"  data-padding-pos=\"all\" data-has-bg-color=\"false\" data-bg-color=\"\" data-bg-opacity=\"1\" data-animation=\"\" data-delay=\"0\" >\n\t\t<div class=\"vc_column-inner\" >\n\t\t\t<div class=\"wpb_wrapper\">\n\t\t\t\t<div class=\"nectar-highlighted-text\" data-style=\"regular_underline\" data-exp=\"default\" data-underline-thickness=\"1px\" data-using-custom-color=\"true\" data-animation-delay=\"false\" data-color=\"#000000\" data-color-gradient=\"\" style=\"\">\n<h2><em>L&#8217;Archivio<\/em><\/h2>\n<\/div>\n\t\t\t<\/div> \n\t\t<\/div>\n\t<\/div> \n<\/div><\/div>\r\n\t\t<div id=\"fws_69e939413e976\"  data-column-margin=\"default\" data-midnight=\"dark\"  class=\"wpb_row vc_row-fluid vc_row\"  style=\"padding-top: 0px; padding-bottom: 0px; \"><div class=\"row-bg-wrap\" data-bg-animation=\"none\" data-bg-animation-delay=\"\" data-bg-overlay=\"false\"><div class=\"inner-wrap row-bg-layer\" ><div class=\"row-bg viewport-desktop\"  style=\"\"><\/div><\/div><\/div><div class=\"row_col_wrap_12 col span_12 dark left\">\n\t<div  class=\"vc_col-sm-12 wpb_column column_container vc_column_container col no-extra-padding inherit_tablet inherit_phone\"  data-padding-pos=\"all\" data-has-bg-color=\"false\" data-bg-color=\"\" data-bg-opacity=\"1\" data-animation=\"\" data-delay=\"0\" >\n\t\t<div class=\"vc_column-inner\" >\n\t\t\t<div class=\"wpb_wrapper\">\n\t\t\t\t<div class=\"nectar-highlighted-text\" data-style=\"regular_underline\" data-exp=\"default\" data-underline-thickness=\"1px\" data-using-custom-color=\"true\" data-animation-delay=\"false\" data-color=\"#000000\" data-color-gradient=\"\" style=\"\">\n<h4>Fin dalla sua nascita la Fondazione si \u00e8 occupata dell\u2019Archivio di Arnaldo Pomodoro \u2013 patrimonio fondamentale per la comprensione della ricerca e dell\u2019opera dell\u2019artista \u2013 garantendone la conservazione e la fruizione al pubblico a pi\u00f9 livelli, attraverso progetti scientifici di vario genere e iniziative divulgative di diversa natura.<\/h4>\n<\/div>\n\t\t\t<\/div> \n\t\t<\/div>\n\t<\/div> \n<\/div><\/div>\r\n\t\t<div id=\"fws_69e939413ee7a\"  data-column-margin=\"default\" data-midnight=\"dark\"  class=\"wpb_row vc_row-fluid vc_row\"  style=\"padding-top: 0px; padding-bottom: 0px; \"><div class=\"row-bg-wrap\" data-bg-animation=\"none\" data-bg-animation-delay=\"\" data-bg-overlay=\"false\"><div class=\"inner-wrap row-bg-layer\" ><div class=\"row-bg viewport-desktop\"  style=\"\"><\/div><\/div><\/div><div class=\"row_col_wrap_12 col span_12 dark left\">\n\t<div  class=\"vc_col-sm-6 wpb_column column_container vc_column_container col no-extra-padding inherit_tablet inherit_phone\"  data-padding-pos=\"all\" data-has-bg-color=\"false\" data-bg-color=\"\" data-bg-opacity=\"1\" data-animation=\"\" data-delay=\"0\" >\n\t\t<div class=\"vc_column-inner\" >\n\t\t\t<div class=\"wpb_wrapper\">\n\t\t\t\t\r\n<div class=\"wpb_text_column wpb_content_element\" >\r\n\t<div class=\"wpb_wrapper\">\r\n\t\t<p style=\"font-weight: 400;\">L\u2019Archivio \u00e8 andato formandosi parallelamente all\u2019attivit\u00e0 artistica di Pomodoro, che, memore delle precedenti esperienze lavorative come geometra, intuisce fin dai suoi esordi artistici l\u2019importanza di raccogliere e conservare documentazione del suo lavoro. L\u2019ampia variet\u00e0 di materiali che costituiscono l\u2019Archivio d\u00e0 testimonianza non solo della sua ricerca artistica ma anche della sua fitta rete di relazioni professionali, che avendo attraversato tutta la seconda met\u00e0 del Novecento e il primo ventennio del nostro secolo, restituiscono anche uno spaccato della scena intellettuale nazionale e internazionale di quel periodo storico.<\/p>\n<p style=\"font-weight: 400;\">Organizzato in sei sezioni (Biblioteca, Fotografie, Audiovisivi, Carteggi, Carte di lavoro e Materiali diversi), l\u2019Archivio \u00e8 in continua fase di studio, catalogazione e digitalizzazione, attivit\u00e0 costanti attraverso cui la Fondazione per volont\u00e0 dell\u2019artista stesso si impegna a valorizzare e rendere liberamente accessibile tale patrimonio al pi\u00f9 vasto pubblico. Per questo, in seguito alla pubblicazione del <a href=\"https:\/\/shop.fondazionearnaldopomodoro.it\/it\/libri-skira-editore\/22434-arnaldo-pomodoro-catalogo-ragionato-della-scultura-2105038315312.html\"><em>Catalogo ragionato della scultura<\/em><\/a>\u00a0(2007), la Fondazione ha avviato i progetti del\u00a0<a href=\"https:\/\/www.fondazionearnaldopomodoro.it\/en\/la-fondazione\/catalogo-ragionato-online\/\"><em><u>Catalogue Raisonn\u00e9<\/u><\/em><\/a>\u00a0(2018) e dell\u2019<a href=\"https:\/\/www.fondazionearnaldopomodoro.it\/en\/la-fondazione\/archivio-online\/\"><u>Arnaldo Pomodoro<\/u><\/a>(2019), incoraggiando e supportando al contempo le ricerche e la <a href=\"https:\/\/www.fondazionearnaldopomodoro.it\/en\/servizi\/consultazione-archivio\/\">consultazione<\/a> in sede di professionisti, studenti e studiosi, siglando partnership e collaborazioni con altre istituzioni pubbliche o private e concedendo prestiti dei materiali d\u2019archivio per mostre temporanee di rilevanza scientifica.<\/p>\n\t<\/div>\r\n<\/div>\r\n\r\n\r\n\r\n\n\t\t\t<\/div> \n\t\t<\/div>\n\t<\/div> \n\n\t<div  class=\"vc_col-sm-6 wpb_column column_container vc_column_container col no-extra-padding inherit_tablet inherit_phone\"  data-padding-pos=\"all\" data-has-bg-color=\"false\" data-bg-color=\"\" data-bg-opacity=\"1\" data-animation=\"\" data-delay=\"0\" >\n\t\t<div class=\"vc_column-inner\" >\n\t\t\t<div class=\"wpb_wrapper\">\n\t\t\t\t\r\n<div class=\"wpb_text_column wpb_content_element\" >\r\n\t<div class=\"wpb_wrapper\">\r\n\t\t<p style=\"font-weight: 400;\">La Fondazione stessa attinge quotidianamente al patrimonio archivistico dell\u2019artista per costruire e arricchire la propria offerta culturale: dalle mostre ai progetti editoriali, dalle diverse attivit\u00e0 didattiche e divulgative agli eventi specifici e alle aperture straordinarie dell\u2019Archivio stesso.<\/p>\n<p style=\"font-weight: 400;\">Nato all\u2019inizio degli anni Cinquanta come strumento di supporto e di lavoro di Pomodoro, l\u2019Archivio si configura oggi come un patrimonio di memorie e insieme uno strumento vivo per la conoscenza dell\u2019artista e della scena artistico-culturale degli anni in cui l\u2019artista ha vissuto.<\/p>\n\t<\/div>\r\n<\/div>\r\n\r\n\r\n\r\n\n\t\t\t<\/div> \n\t\t<\/div>\n\t<\/div> \n<\/div><\/div>\r\n\t\t<div id=\"fws_69e939413f80f\"  data-column-margin=\"default\" data-midnight=\"dark\" data-top-percent=\"2%\" data-bottom-percent=\"2%\"  class=\"wpb_row vc_row-fluid vc_row full-width-content vc_row-o-equal-height vc_row-flex vc_row-o-content-top\"  style=\"padding-top: calc(100vw * 0.02); padding-bottom: calc(100vw * 0.02); \"><div class=\"row-bg-wrap\" data-bg-animation=\"none\" data-bg-animation-delay=\"\" data-bg-overlay=\"false\"><div class=\"inner-wrap row-bg-layer\" ><div class=\"row-bg viewport-desktop\"  style=\"\"><\/div><\/div><\/div><div class=\"row_col_wrap_12 col span_12 dark left\">\n\t<div  class=\"vc_col-sm-12 wpb_column column_container vc_column_container col no-extra-padding inherit_tablet inherit_phone\"  data-padding-pos=\"all\" data-has-bg-color=\"false\" data-bg-color=\"\" data-bg-opacity=\"1\" data-animation=\"\" data-delay=\"0\" >\n\t\t<div class=\"vc_column-inner\" >\n\t\t\t<div class=\"wpb_wrapper\">\n\t\t\t\t<div class=\"divider-wrap\" data-alignment=\"default\"><div style=\"margin-top: 12.5px; height: 1px; margin-bottom: 12.5px;\" data-width=\"100%\" data-animate=\"\" data-animation-delay=\"\" data-color=\"default\" class=\"divider-border\"><\/div><\/div>\n\t\t\t<\/div> \n\t\t<\/div>\n\t<\/div> \n<\/div><\/div>\r\n\t\t<div id=\"fws_69e939413fc7c\"  data-column-margin=\"default\" data-midnight=\"dark\"  class=\"wpb_row vc_row-fluid vc_row full-width-section  top_margin_30px bottom_margin_3pct top_padding_phone_30px\"  style=\"padding-top: 0px; padding-bottom: 0px; \"><div class=\"row-bg-wrap\" data-bg-animation=\"none\" data-bg-animation-delay=\"\" data-bg-overlay=\"false\"><div class=\"inner-wrap row-bg-layer\" ><div class=\"row-bg viewport-desktop\"  style=\"\"><\/div><\/div><\/div><div class=\"row_col_wrap_12 col span_12 dark left\">\n\t<div  class=\"vc_col-sm-3 wpb_column column_container vc_column_container col no-extra-padding inherit_tablet inherit_phone border_color_000000 border_style_solid\"  data-padding-pos=\"all\" data-has-bg-color=\"false\" data-bg-color=\"\" data-bg-opacity=\"1\" data-animation=\"\" data-delay=\"0\" >\n\t\t<div class=\"vc_column-inner\" >\n\t\t\t<div class=\"wpb_wrapper\">\n\t\t\t\t<div class=\"img-with-aniamtion-wrap\" data-max-width=\"100%\" data-max-width-mobile=\"default\" data-shadow=\"none\" data-animation=\"none\" >\r\n      <div class=\"inner\">\r\n        <div class=\"hover-wrap\"> \r\n          <div class=\"hover-wrap-inner\">\r\n            <img loading=\"lazy\" decoding=\"async\" class=\"img-with-animation skip-lazy\" data-delay=\"0\" height=\"1200\" width=\"918\" data-animation=\"none\" src=\"https:\/\/www.fondazionearnaldopomodoro.it\/wp-content\/uploads\/2026\/01\/AP-105-La-Colonna-del-viaggiatore-195960-I.jpg\" alt=\"\" srcset=\"https:\/\/www.fondazionearnaldopomodoro.it\/wp-content\/uploads\/2026\/01\/AP-105-La-Colonna-del-viaggiatore-195960-I.jpg 918w, https:\/\/www.fondazionearnaldopomodoro.it\/wp-content\/uploads\/2026\/01\/AP-105-La-Colonna-del-viaggiatore-195960-I-768x1004.jpg 768w, https:\/\/www.fondazionearnaldopomodoro.it\/wp-content\/uploads\/2026\/01\/AP-105-La-Colonna-del-viaggiatore-195960-I-9x12.jpg 9w\" sizes=\"auto, (max-width: 918px) 100vw, 918px\" \/>\r\n          <\/div>\r\n        <\/div>\r\n      <\/div>\r\n    <\/div><div class=\"nectar-highlighted-text\" data-style=\"regular_underline\" data-exp=\"default\" data-underline-thickness=\"1px\" data-user-color=\"true\" style=\"color: #000000;\" data-using-custom-color=\"true\" data-animation-delay=\"150\" data-color=\"#000000\" data-color-gradient=\"\">\n<h3 class=\"product_title entry-title\"><i>La documentazione fotografica della SCULTURE di Arnaldo Pomodoro<\/i><\/h3>\n<\/div>\r\n<div class=\"wpb_text_column wpb_content_element\" >\r\n\t<div class=\"wpb_wrapper\">\r\n\t\t<p style=\"font-weight: 400;\">In occasione del centenario di Arnaldo Pomodoro la Fondazione ha lavorato per rendere disponibile sull&#8217;Archivio online la documentazione fotografica delle sue sculture con l\u2019intento di ampliare la narrazione della ricerca artistica di Pomodoro&#8230;<\/p>\n\t<\/div>\r\n<\/div>\r\n\r\n\r\n\r\n<a class=\"nectar-button medium see-through accent-color wpb_animate_when_almost_visible wpb_fadeInUp fadeInUp\"  style=\"\"  href=\"https:\/\/www.fondazionearnaldopomodoro.it\/en\/portfolio\/faber-castell-x-fondazione-arnaldo-pomodoro\/\" data-color-override=\"false\" data-hover-color-override=\"false\" data-hover-text-color-override=\"#fff\"><span>Find out more!<\/span><\/a>\n\t\t\t<\/div> \n\t\t<\/div>\n\t<\/div> \n\n\t<div  class=\"vc_col-sm-3 wpb_column column_container vc_column_container col no-extra-padding inherit_tablet inherit_phone\"  data-padding-pos=\"all\" data-has-bg-color=\"false\" data-bg-color=\"\" data-bg-opacity=\"1\" data-animation=\"\" data-delay=\"0\" >\n\t\t<div class=\"vc_column-inner\" >\n\t\t\t<div class=\"wpb_wrapper\">\n\t\t\t\t<div class=\"img-with-aniamtion-wrap\" data-max-width=\"100%\" data-max-width-mobile=\"default\" data-shadow=\"none\" data-animation=\"none\" >\r\n      <div class=\"inner\">\r\n        <div class=\"hover-wrap\"> \r\n          <div class=\"hover-wrap-inner\">\r\n            <img loading=\"lazy\" decoding=\"async\" class=\"img-with-animation skip-lazy\" data-delay=\"0\" height=\"770\" width=\"1300\" data-animation=\"none\" src=\"https:\/\/www.fondazionearnaldopomodoro.it\/wp-content\/uploads\/2025\/11\/Screenshot-2025-11-20-alle-15.26.20.png\" alt=\"\" srcset=\"https:\/\/www.fondazionearnaldopomodoro.it\/wp-content\/uploads\/2025\/11\/Screenshot-2025-11-20-alle-15.26.20.png 1300w, https:\/\/www.fondazionearnaldopomodoro.it\/wp-content\/uploads\/2025\/11\/Screenshot-2025-11-20-alle-15.26.20-768x455.png 768w, https:\/\/www.fondazionearnaldopomodoro.it\/wp-content\/uploads\/2025\/11\/Screenshot-2025-11-20-alle-15.26.20-18x12.png 18w\" sizes=\"auto, (max-width: 1300px) 100vw, 1300px\" \/>\r\n          <\/div>\r\n        <\/div>\r\n      <\/div>\r\n    <\/div><div class=\"nectar-highlighted-text\" data-style=\"regular_underline\" data-exp=\"default\" data-underline-thickness=\"1px\" data-user-color=\"true\" style=\"color: #000000;\" data-using-custom-color=\"true\" data-animation-delay=\"150\" data-color=\"#000000\" data-color-gradient=\"\">\n<h3 class=\"product_title entry-title\"><i>Processo politico 1971-2024<\/i><\/h3>\n<\/div>\r\n<div class=\"wpb_text_column wpb_content_element\" >\r\n\t<div class=\"wpb_wrapper\">\r\n\t\t<div>\n<p>In occasione del centenario della nascita di Francesco Leonetti, la Fondazione Arnaldo Pomodoro ha promosso il restauro e la digitalizzazione delle pellicole di <i>Processo politico<\/i>, realizzati a cura della Fondazione Home Movies \u2013 Archivio Nazionale del Film di Famiglia&#8230;<\/p>\n<\/div>\n\t<\/div>\r\n<\/div>\r\n\r\n\r\n\r\n<a class=\"nectar-button medium see-through accent-color wpb_animate_when_almost_visible wpb_fadeInUp fadeInUp\"  style=\"\"  href=\"https:\/\/www.fondazionearnaldopomodoro.it\/en\/portfolio\/le-proposte-per-la-scuola\/\" data-color-override=\"false\" data-hover-color-override=\"false\" data-hover-text-color-override=\"#fff\"><span>Find out more!<\/span><\/a>\n\t\t\t<\/div> \n\t\t<\/div>\n\t<\/div> \n\n\t<div  class=\"vc_col-sm-3 wpb_column column_container vc_column_container col no-extra-padding inherit_tablet inherit_phone\"  data-padding-pos=\"all\" data-has-bg-color=\"false\" data-bg-color=\"\" data-bg-opacity=\"1\" data-animation=\"\" data-delay=\"0\" >\n\t\t<div class=\"vc_column-inner\" >\n\t\t\t<div class=\"wpb_wrapper\">\n\t\t\t\t<div class=\"img-with-aniamtion-wrap\" data-max-width=\"100%\" data-max-width-mobile=\"default\" data-shadow=\"none\" data-animation=\"none\" >\r\n      <div class=\"inner\">\r\n        <div class=\"hover-wrap\"> \r\n          <div class=\"hover-wrap-inner\">\r\n            <a href=\"https:\/\/www.fondazionearnaldopomodoro.it\/en\/portfolio\/recto-verso-chronicles-from-the-archive\/\" target=\"_self\" class=\"\">\r\n              <img loading=\"lazy\" decoding=\"async\" class=\"img-with-animation skip-lazy\" data-delay=\"0\" height=\"1126\" width=\"2560\" data-animation=\"none\" src=\"https:\/\/www.fondazionearnaldopomodoro.it\/wp-content\/uploads\/2026\/01\/banner-recto_verso-scaled.png\" alt=\"\" srcset=\"https:\/\/www.fondazionearnaldopomodoro.it\/wp-content\/uploads\/2026\/01\/banner-recto_verso-scaled.png 2560w, https:\/\/www.fondazionearnaldopomodoro.it\/wp-content\/uploads\/2026\/01\/banner-recto_verso-768x338.png 768w, https:\/\/www.fondazionearnaldopomodoro.it\/wp-content\/uploads\/2026\/01\/banner-recto_verso-1536x676.png 1536w, https:\/\/www.fondazionearnaldopomodoro.it\/wp-content\/uploads\/2026\/01\/banner-recto_verso-2048x901.png 2048w, https:\/\/www.fondazionearnaldopomodoro.it\/wp-content\/uploads\/2026\/01\/banner-recto_verso-18x8.png 18w\" sizes=\"auto, (max-width: 2560px) 100vw, 2560px\" \/>\r\n            <\/a>\r\n          <\/div>\r\n        <\/div>\r\n      <\/div>\r\n      <\/div><div class=\"nectar-highlighted-text\" data-style=\"regular_underline\" data-exp=\"default\" data-underline-thickness=\"1px\" data-user-color=\"true\" style=\"color: #000000;\" data-using-custom-color=\"true\" data-animation-delay=\"150\" data-color=\"#000000\" data-color-gradient=\"\">\n<h3 class=\"product_title entry-title\"><a href=\"https:\/\/www.fondazionearnaldopomodoro.it\/en\/portfolio\/recto-verso-chronicles-from-the-archive\/\"><i>RECTO\/VERSO Chronicles from the Archive<\/i><\/a><\/h3>\n<\/div>\r\n<div class=\"wpb_text_column wpb_content_element\" >\r\n\t<div class=\"wpb_wrapper\">\r\n\t\t<p style=\"font-weight: 400;\">RECTO\/VERSO, una newsletter nata per aggiornare gli iscritti al <em>Catalogue Raisonn\u00e9<\/em> e all\u2019Archivio online sulle attivit\u00e0 ordinarie e straordinarie che la Fondazione fa per mantenere l\u2019Archivio dell\u2019artista uno spazio vivo di studio e conoscenza&#8230;<\/p>\n\t<\/div>\r\n<\/div>\r\n\r\n\r\n\r\n<a class=\"nectar-button medium see-through accent-color wpb_animate_when_almost_visible wpb_fadeInUp fadeInUp\"  style=\"\"  href=\"https:\/\/www.fondazionearnaldopomodoro.it\/en\/portfolio\/recto-verso-chronicles-from-the-archive\/\" data-color-override=\"false\" data-hover-color-override=\"false\" data-hover-text-color-override=\"#fff\"><span>Find out more!<\/span><\/a>\n\t\t\t<\/div> \n\t\t<\/div>\n\t<\/div> \n\n\t<div  class=\"vc_col-sm-3 wpb_column column_container vc_column_container col no-extra-padding inherit_tablet inherit_phone\"  data-padding-pos=\"all\" data-has-bg-color=\"false\" data-bg-color=\"\" data-bg-opacity=\"1\" data-animation=\"\" data-delay=\"0\" >\n\t\t<div class=\"vc_column-inner\" >\n\t\t\t<div class=\"wpb_wrapper\">\n\t\t\t\t<div class=\"img-with-aniamtion-wrap\" data-max-width=\"100%\" data-max-width-mobile=\"default\" data-shadow=\"none\" data-animation=\"none\" >\r\n      <div class=\"inner\">\r\n        <div class=\"hover-wrap\"> \r\n          <div class=\"hover-wrap-inner\">\r\n            <a href=\"https:\/\/www.fondazionearnaldopomodoro.it\/en\/portfolio\/catalogue-raisonne-di-arnaldo-pomodoro-su-blockchain\/\" target=\"_self\" class=\"\">\r\n              <img loading=\"lazy\" decoding=\"async\" class=\"img-with-animation skip-lazy\" data-delay=\"0\" height=\"979\" width=\"1305\" data-animation=\"none\" src=\"https:\/\/www.fondazionearnaldopomodoro.it\/wp-content\/uploads\/2026\/04\/6-es.-23-foto-Tettamanzi-72-dpi.jpg\" alt=\"\" srcset=\"https:\/\/www.fondazionearnaldopomodoro.it\/wp-content\/uploads\/2026\/04\/6-es.-23-foto-Tettamanzi-72-dpi.jpg 1305w, https:\/\/www.fondazionearnaldopomodoro.it\/wp-content\/uploads\/2026\/04\/6-es.-23-foto-Tettamanzi-72-dpi-768x576.jpg 768w, https:\/\/www.fondazionearnaldopomodoro.it\/wp-content\/uploads\/2026\/04\/6-es.-23-foto-Tettamanzi-72-dpi-16x12.jpg 16w\" sizes=\"auto, (max-width: 1305px) 100vw, 1305px\" \/>\r\n            <\/a>\r\n          <\/div>\r\n        <\/div>\r\n      <\/div>\r\n      <\/div><div class=\"nectar-highlighted-text\" data-style=\"regular_underline\" data-exp=\"default\" data-underline-thickness=\"1px\" data-user-color=\"true\" style=\"color: #000000;\" data-using-custom-color=\"true\" data-animation-delay=\"150\" data-color=\"#000000\" data-color-gradient=\"\">\n<h3 class=\"product_title entry-title\"><a href=\"https:\/\/www.fondazionearnaldopomodoro.it\/en\/portfolio\/catalogue-raisonne-di-arnaldo-pomodoro-su-blockchain\/\"><i>Catalogue Raisonn\u00e9 on the Blockchain<\/i><\/a><\/h3>\n<\/div>\r\n<div class=\"wpb_text_column wpb_content_element\" >\r\n\t<div class=\"wpb_wrapper\">\r\n\t\t<p>A garanzia dell\u2019integrit\u00e0 dei dati e delle attivit\u00e0 di <em><strong>due<\/strong><\/em> <em><strong>diligence<\/strong>,<\/em> la Fondazione ha avviato la registrazione del <strong><a href=\"https:\/\/www.fondazionearnaldopomodoro.it\/en\/la-fondazione\/catalogo-ragionato-online\/\"><em>Catalogue Raisonn\u00e9<\/em><\/a> su blockchain<\/strong>, la tecnologia identificata come la pi\u00f9 idonea a questo fine per le sue caratteristiche di immutabilit\u00e0 e trasparenza.<\/p>\n\t<\/div>\r\n<\/div>\r\n\r\n\r\n\r\n<a class=\"nectar-button medium see-through accent-color wpb_animate_when_almost_visible wpb_fadeInUp fadeInUp\"  style=\"\"  href=\"https:\/\/www.fondazionearnaldopomodoro.it\/en\/portfolio\/catalogue-raisonne-di-arnaldo-pomodoro-su-blockchain\/\" data-color-override=\"false\" data-hover-color-override=\"false\" data-hover-text-color-override=\"#fff\"><span>Find out more!<\/span><\/a>\n\t\t\t<\/div> \n\t\t<\/div>\n\t<\/div> \n<\/div><\/div>","protected":false},"excerpt":{"rendered":"L'Archivio Fin dalla sua nascita la Fondazione si \u00e8 occupata dell\u2019Archivio di Arnaldo Pomodoro \u2013 patrimonio fondamentale per la comprensione della ricerca e dell\u2019opera dell\u2019artista \u2013 garantendone la conservazione e...","protected":false},"author":4,"featured_media":0,"parent":266,"menu_order":0,"comment_status":"closed","ping_status":"closed","template":"","meta":{"_mc_calendar":[],"footnotes":""},"class_list":["post-10875","page","type-page","status-publish"],"yoast_head":"<!-- This site is optimized with the Yoast SEO plugin v26.9 - https:\/\/yoast.com\/product\/yoast-seo-wordpress\/ -->\n<title>L&#039;Archivio - Fondazione Arnaldo Pomodoro<\/title>\n<meta name=\"robots\" content=\"index, follow, max-snippet:-1, max-image-preview:large, max-video-preview:-1\" \/>\n<link rel=\"canonical\" href=\"https:\/\/www.fondazionearnaldopomodoro.it\/en\/la-fondazione\/l-archivio\/\" \/>\n<meta property=\"og:locale\" content=\"en_GB\" \/>\n<meta property=\"og:type\" content=\"article\" \/>\n<meta property=\"og:title\" content=\"L&#039;Archivio - Fondazione Arnaldo Pomodoro\" \/>\n<meta property=\"og:url\" content=\"https:\/\/www.fondazionearnaldopomodoro.it\/en\/la-fondazione\/l-archivio\/\" \/>\n<meta property=\"og:site_name\" content=\"Fondazione Arnaldo Pomodoro\" \/>\n<meta property=\"article:modified_time\" content=\"2026-04-22T14:52:10+00:00\" \/>\n<meta name=\"twitter:card\" content=\"summary_large_image\" \/>\n<meta name=\"twitter:label1\" content=\"Estimated reading time\" \/>\n\t<meta name=\"twitter:data1\" content=\"6 minutes\" \/>\n<script type=\"application\/ld+json\" class=\"yoast-schema-graph\">{\"@context\":\"https:\/\/schema.org\",\"@graph\":[{\"@type\":\"WebPage\",\"@id\":\"https:\/\/www.fondazionearnaldopomodoro.it\/la-fondazione\/l-archivio\/\",\"url\":\"https:\/\/www.fondazionearnaldopomodoro.it\/la-fondazione\/l-archivio\/\",\"name\":\"L'Archivio - Fondazione Arnaldo Pomodoro\",\"isPartOf\":{\"@id\":\"https:\/\/www.fondazionearnaldopomodoro.it\/#website\"},\"datePublished\":\"2026-04-22T13:23:52+00:00\",\"dateModified\":\"2026-04-22T14:52:10+00:00\",\"breadcrumb\":{\"@id\":\"https:\/\/www.fondazionearnaldopomodoro.it\/la-fondazione\/l-archivio\/#breadcrumb\"},\"inLanguage\":\"en-GB\",\"potentialAction\":[{\"@type\":\"ReadAction\",\"target\":[\"https:\/\/www.fondazionearnaldopomodoro.it\/la-fondazione\/l-archivio\/\"]}]},{\"@type\":\"BreadcrumbList\",\"@id\":\"https:\/\/www.fondazionearnaldopomodoro.it\/la-fondazione\/l-archivio\/#breadcrumb\",\"itemListElement\":[{\"@type\":\"ListItem\",\"position\":1,\"name\":\"La Fondazione\",\"item\":\"https:\/\/www.fondazionearnaldopomodoro.it\/la-fondazione\/\"},{\"@type\":\"ListItem\",\"position\":2,\"name\":\"L&#8217;Archivio\"}]},{\"@type\":\"WebSite\",\"@id\":\"https:\/\/www.fondazionearnaldopomodoro.it\/#website\",\"url\":\"https:\/\/www.fondazionearnaldopomodoro.it\/\",\"name\":\"Fondazione Arnaldo Pomodoro\",\"description\":\"\",\"potentialAction\":[{\"@type\":\"SearchAction\",\"target\":{\"@type\":\"EntryPoint\",\"urlTemplate\":\"https:\/\/www.fondazionearnaldopomodoro.it\/?s={search_term_string}\"},\"query-input\":{\"@type\":\"PropertyValueSpecification\",\"valueRequired\":true,\"valueName\":\"search_term_string\"}}],\"inLanguage\":\"en-GB\"}]}<\/script>\n<!-- \/ Yoast SEO plugin. -->","yoast_head_json":{"title":"L'Archivio - Fondazione Arnaldo Pomodoro","robots":{"index":"index","follow":"follow","max-snippet":"max-snippet:-1","max-image-preview":"max-image-preview:large","max-video-preview":"max-video-preview:-1"},"canonical":"https:\/\/www.fondazionearnaldopomodoro.it\/en\/la-fondazione\/l-archivio\/","og_locale":"en_GB","og_type":"article","og_title":"L'Archivio - Fondazione Arnaldo Pomodoro","og_url":"https:\/\/www.fondazionearnaldopomodoro.it\/en\/la-fondazione\/l-archivio\/","og_site_name":"Fondazione Arnaldo Pomodoro","article_modified_time":"2026-04-22T14:52:10+00:00","twitter_card":"summary_large_image","twitter_misc":{"Estimated reading time":"6 minutes"},"schema":{"@context":"https:\/\/schema.org","@graph":[{"@type":"WebPage","@id":"https:\/\/www.fondazionearnaldopomodoro.it\/la-fondazione\/l-archivio\/","url":"https:\/\/www.fondazionearnaldopomodoro.it\/la-fondazione\/l-archivio\/","name":"L'Archivio - Fondazione Arnaldo Pomodoro","isPartOf":{"@id":"https:\/\/www.fondazionearnaldopomodoro.it\/#website"},"datePublished":"2026-04-22T13:23:52+00:00","dateModified":"2026-04-22T14:52:10+00:00","breadcrumb":{"@id":"https:\/\/www.fondazionearnaldopomodoro.it\/la-fondazione\/l-archivio\/#breadcrumb"},"inLanguage":"en-GB","potentialAction":[{"@type":"ReadAction","target":["https:\/\/www.fondazionearnaldopomodoro.it\/la-fondazione\/l-archivio\/"]}]},{"@type":"BreadcrumbList","@id":"https:\/\/www.fondazionearnaldopomodoro.it\/la-fondazione\/l-archivio\/#breadcrumb","itemListElement":[{"@type":"ListItem","position":1,"name":"La Fondazione","item":"https:\/\/www.fondazionearnaldopomodoro.it\/la-fondazione\/"},{"@type":"ListItem","position":2,"name":"L&#8217;Archivio"}]},{"@type":"WebSite","@id":"https:\/\/www.fondazionearnaldopomodoro.it\/#website","url":"https:\/\/www.fondazionearnaldopomodoro.it\/","name":"Fondazione Arnaldo Pomodoro","description":"","potentialAction":[{"@type":"SearchAction","target":{"@type":"EntryPoint","urlTemplate":"https:\/\/www.fondazionearnaldopomodoro.it\/?s={search_term_string}"},"query-input":{"@type":"PropertyValueSpecification","valueRequired":true,"valueName":"search_term_string"}}],"inLanguage":"en-GB"}]}},"_links":{"self":[{"href":"https:\/\/www.fondazionearnaldopomodoro.it\/en\/wp-json\/wp\/v2\/pages\/10875","targetHints":{"allow":["GET"]}}],"collection":[{"href":"https:\/\/www.fondazionearnaldopomodoro.it\/en\/wp-json\/wp\/v2\/pages"}],"about":[{"href":"https:\/\/www.fondazionearnaldopomodoro.it\/en\/wp-json\/wp\/v2\/types\/page"}],"author":[{"embeddable":true,"href":"https:\/\/www.fondazionearnaldopomodoro.it\/en\/wp-json\/wp\/v2\/users\/4"}],"replies":[{"embeddable":true,"href":"https:\/\/www.fondazionearnaldopomodoro.it\/en\/wp-json\/wp\/v2\/comments?post=10875"}],"version-history":[{"count":11,"href":"https:\/\/www.fondazionearnaldopomodoro.it\/en\/wp-json\/wp\/v2\/pages\/10875\/revisions"}],"predecessor-version":[{"id":11197,"href":"https:\/\/www.fondazionearnaldopomodoro.it\/en\/wp-json\/wp\/v2\/pages\/10875\/revisions\/11197"}],"up":[{"embeddable":true,"href":"https:\/\/www.fondazionearnaldopomodoro.it\/en\/wp-json\/wp\/v2\/pages\/266"}],"wp:attachment":[{"href":"https:\/\/www.fondazionearnaldopomodoro.it\/en\/wp-json\/wp\/v2\/media?parent=10875"}],"curies":[{"name":"wp","href":"https:\/\/api.w.org\/{rel}","templated":true}]}}