{"id":2289,"date":"2023-06-22T14:44:06","date_gmt":"2023-06-22T12:44:06","guid":{"rendered":"https:\/\/www.fondazionearnaldopomodoro.it\/?page_id=2289"},"modified":"2025-11-17T16:18:24","modified_gmt":"2025-11-17T15:18:24","slug":"liberatorie-e-copyright","status":"publish","type":"page","link":"https:\/\/www.fondazionearnaldopomodoro.it\/en\/servizi\/liberatorie-e-copyright\/","title":{"rendered":"Release forms and copyright"},"content":{"rendered":"<div id=\"fws_69e3b712bfb85\"  data-column-margin=\"default\" data-midnight=\"dark\"  class=\"wpb_row vc_row-fluid vc_row\"  style=\"padding-top: 0px; padding-bottom: 0px; \"><div class=\"row-bg-wrap\" data-bg-animation=\"none\" data-bg-animation-delay=\"\" data-bg-overlay=\"false\"><div class=\"inner-wrap row-bg-layer\" ><div class=\"row-bg viewport-desktop\"  style=\"\"><\/div><\/div><\/div><div class=\"row_col_wrap_12 col span_12 dark left\">\n\t<div  class=\"vc_col-sm-12 wpb_column column_container vc_column_container col no-extra-padding inherit_tablet inherit_phone\"  data-padding-pos=\"all\" data-has-bg-color=\"false\" data-bg-color=\"\" data-bg-opacity=\"1\" data-animation=\"\" data-delay=\"0\" >\n\t\t<div class=\"vc_column-inner\" >\n\t\t\t<div class=\"wpb_wrapper\">\n\t\t\t\t<div class=\"nectar-highlighted-text\" data-style=\"regular_underline\" data-exp=\"default\" data-underline-thickness=\"1px\" data-using-custom-color=\"true\" data-animation-delay=\"false\" data-color=\"#000000\" data-color-gradient=\"\" style=\"\">\n<h2><em>Release forms and copyright<\/em><\/h2>\n<\/div>\n\t\t\t<\/div> \n\t\t<\/div>\n\t<\/div> \n<\/div><\/div>\r\n\t\t<div id=\"fws_69e3b712c01fb\"  data-column-margin=\"default\" data-midnight=\"dark\"  class=\"wpb_row vc_row-fluid vc_row\"  style=\"padding-top: 0px; padding-bottom: 0px; \"><div class=\"row-bg-wrap\" data-bg-animation=\"none\" data-bg-animation-delay=\"\" data-bg-overlay=\"false\"><div class=\"inner-wrap row-bg-layer\" ><div class=\"row-bg viewport-desktop\"  style=\"\"><\/div><\/div><\/div><div class=\"row_col_wrap_12 col span_12 dark left\">\n\t<div  class=\"vc_col-sm-12 wpb_column column_container vc_column_container col no-extra-padding inherit_tablet inherit_phone\"  data-padding-pos=\"all\" data-has-bg-color=\"false\" data-bg-color=\"\" data-bg-opacity=\"1\" data-animation=\"\" data-delay=\"0\" >\n\t\t<div class=\"vc_column-inner\" >\n\t\t\t<div class=\"wpb_wrapper\">\n\t\t\t\t\r\n<div class=\"wpb_text_column wpb_content_element\" >\r\n\t<div class=\"wpb_wrapper\">\r\n\t\t<div class=\"wpb_text_column wpb_content_element\">\n<div class=\"wpb_wrapper\">\n<section class=\"av_textblock_section\">\n<div class=\"avia_textblock serif-font large-font-size\">\n<p class=\"serif\">The Foundation holds and is entitled to exercise the economic exploitation rights of authorship over the works of Arnaldo Pomodoro.<\/p>\n<p class=\"translation-block\"><strong>Any reproduction of Arnaldo Pomodoro\u2019s works is subject to prior authorization from the Foundation<\/strong>, which reserves full discretion regarding its granting, in order to protect the artistic and cultural value of the works.<\/p>\n<p>Requests for reproduction will be accepted by the Foundation, provided that the intended purpose and manner of use are deemed compatible with the need to protect the artistic  and cultural value of the works and do not infringe upon moral rights.<\/p>\n<\/div>\n<\/section>\n<\/div>\n<\/div>\n\t<\/div>\r\n<\/div>\r\n\r\n\r\n\r\n\n\t\t\t<\/div> \n\t\t<\/div>\n\t<\/div> \n<\/div><\/div>\r\n\t\t<div id=\"fws_69e3b712c07e8\"  data-column-margin=\"default\" data-midnight=\"dark\"  class=\"wpb_row vc_row-fluid vc_row\"  style=\"padding-top: 0px; padding-bottom: 0px; \"><div class=\"row-bg-wrap\" data-bg-animation=\"none\" data-bg-animation-delay=\"\" data-bg-overlay=\"false\"><div class=\"inner-wrap row-bg-layer\" ><div class=\"row-bg viewport-desktop\"  style=\"\"><\/div><\/div><\/div><div class=\"row_col_wrap_12 col span_12 dark left\">\n\t<div  class=\"vc_col-sm-6 wpb_column column_container vc_column_container col no-extra-padding inherit_tablet inherit_phone\"  data-padding-pos=\"all\" data-has-bg-color=\"false\" data-bg-color=\"\" data-bg-opacity=\"1\" data-animation=\"\" data-delay=\"0\" >\n\t\t<div class=\"vc_column-inner\" >\n\t\t\t<div class=\"wpb_wrapper\">\n\t\t\t\t\r\n<div class=\"wpb_text_column wpb_content_element\" >\r\n\t<div class=\"wpb_wrapper\">\r\n\t\t<h4>License for non-commercial use<\/h4>\n<p>To promote and pursue its institutional mission, and to ensure the widest and freest national and international circulation of images of Arnaldo Pomodoro's works, the Foundation reserves the right to grant full or partial exemption from payment of fees for the dissemination  of photographic reproductions and audiovisual materials, taking into account their cultural, educational, and informative nature of particular public, social, or collective interest, as well as for personal uses intended for research and study purposes.<\/p>\n<p>Per richiedere l\u2019autorizzazione alla riproduzione e all\u2019uso delle immagini delle opere di Arnaldo Pomodoro \u00e8 necessario compilare il modulo scaricabile al <strong><a href=\"https:\/\/www.fondazionearnaldopomodoro.it\/wp-content\/uploads\/2025\/11\/REQUEST-FORM-FOR-NON.docx\">following link<\/a><\/strong><\/p>\n<p>La Fondazione, valutata la richiesta, invier\u00e0 una liberatoria che autorizzer\u00e0 l&#8217;utilizzo dell&#8217;opera alle condizioni ivi specificate. L&#8217;utilizzo \u00e8 consentito solo dopo aver ricevuto tale liberatoria.<\/p>\n\t<\/div>\r\n<\/div>\r\n\r\n\r\n\r\n\n\t\t\t<\/div> \n\t\t<\/div>\n\t<\/div> \n\n\t<div  class=\"vc_col-sm-6 wpb_column column_container vc_column_container col no-extra-padding inherit_tablet inherit_phone\"  data-padding-pos=\"all\" data-has-bg-color=\"false\" data-bg-color=\"\" data-bg-opacity=\"1\" data-animation=\"\" data-delay=\"0\" >\n\t\t<div class=\"vc_column-inner\" >\n\t\t\t<div class=\"wpb_wrapper\">\n\t\t\t\t\r\n<div class=\"wpb_text_column wpb_content_element\" >\r\n\t<div class=\"wpb_wrapper\">\r\n\t\t<h4>License for commercial use<\/h4>\n<p>Reproductions on the following uses are subject to authorization and payment of the relevant rights:<\/p>\n<ul>\n<li>Brochures and promotional materials<\/li>\n<li>Commercial catalogues<\/li>\n<li>Websites and commercial social media platforms<\/li>\n<li>Commercial newsletters and digital communications<\/li>\n<\/ul>\n<p>The determination of fees will take into account the duration of use, the territorial scope of distribution (national, European, worldwide), the extent of dissemination (for example, number of websites, social media profiles, platform size, audience and reach, any association with advertising), and any other evaluation criteria deemed relevant by the Foundation.<\/p>\n<p>Per richiedere l\u2019autorizzazione alla riproduzione e all\u2019uso delle immagini delle opere di Arnaldo Pomodoro, in questo specifico ambito, \u00e8 necessario compilare il modulo scaricabile al <strong><a href=\"https:\/\/www.fondazionearnaldopomodoro.it\/wp-content\/uploads\/2025\/11\/APPLICATION-FORM-FOR-AUTHORIZATION-TO-REPRODUCE-THE-WORKS-OF-ARNALDO-POMODORO.docx\">following link<\/a><\/strong><\/p>\n\t<\/div>\r\n<\/div>\r\n\r\n\r\n\r\n\n\t\t\t<\/div> \n\t\t<\/div>\n\t<\/div> \n<\/div><\/div>\r\n\t\t<div id=\"fws_69e3b712c115c\"  data-column-margin=\"default\" data-midnight=\"dark\"  class=\"wpb_row vc_row-fluid vc_row\"  style=\"padding-top: 0px; padding-bottom: 0px; \"><div class=\"row-bg-wrap\" data-bg-animation=\"none\" data-bg-animation-delay=\"\" data-bg-overlay=\"false\"><div class=\"inner-wrap row-bg-layer\" ><div class=\"row-bg viewport-desktop\"  style=\"\"><\/div><\/div><\/div><div class=\"row_col_wrap_12 col span_12 dark left\">\n\t<div  class=\"vc_col-sm-12 wpb_column column_container vc_column_container col no-extra-padding inherit_tablet inherit_phone\"  data-padding-pos=\"all\" data-has-bg-color=\"false\" data-bg-color=\"\" data-bg-opacity=\"1\" data-animation=\"\" data-delay=\"0\" >\n\t\t<div class=\"vc_column-inner\" >\n\t\t\t<div class=\"wpb_wrapper\">\n\t\t\t\t\r\n<div class=\"wpb_text_column wpb_content_element\" >\r\n\t<div class=\"wpb_wrapper\">\r\n\t\t<p>Consult the full regulations at <strong><a href=\"https:\/\/www.fondazionearnaldopomodoro.it\/wp-content\/uploads\/2025\/11\/REGULATION-FOR-REPRODUCTION-OF-THE-WORKS-OF.docx\">this link<\/a><\/strong><\/p>\n\t<\/div>\r\n<\/div>\r\n\r\n\r\n\r\n\n\t\t\t<\/div> \n\t\t<\/div>\n\t<\/div> \n<\/div><\/div>","protected":false},"excerpt":{"rendered":"Liberatorie e copyright La Fondazione \u00e8 titolare e legittimata a disporre dei diritti di utilizzazione economica di autore esistenti sulle opere di Arnaldo Pomodoro. Qualsiasi riproduzione delle opere di Arnaldo...","protected":false},"author":2,"featured_media":0,"parent":269,"menu_order":0,"comment_status":"closed","ping_status":"closed","template":"","meta":{"_mc_calendar":[],"footnotes":""},"class_list":["post-2289","page","type-page","status-publish"],"yoast_head":"<!-- This site is optimized with the Yoast SEO plugin v26.9 - https:\/\/yoast.com\/product\/yoast-seo-wordpress\/ -->\n<title>Liberatorie e copyright - Fondazione Arnaldo Pomodoro<\/title>\n<meta name=\"robots\" content=\"index, follow, max-snippet:-1, max-image-preview:large, max-video-preview:-1\" \/>\n<link rel=\"canonical\" href=\"https:\/\/www.fondazionearnaldopomodoro.it\/en\/servizi\/liberatorie-e-copyright\/\" \/>\n<meta property=\"og:locale\" content=\"en_GB\" \/>\n<meta property=\"og:type\" content=\"article\" \/>\n<meta property=\"og:title\" content=\"Liberatorie e copyright - Fondazione Arnaldo Pomodoro\" \/>\n<meta property=\"og:url\" content=\"https:\/\/www.fondazionearnaldopomodoro.it\/en\/servizi\/liberatorie-e-copyright\/\" \/>\n<meta property=\"og:site_name\" content=\"Fondazione Arnaldo Pomodoro\" \/>\n<meta property=\"article:modified_time\" content=\"2025-11-17T15:18:24+00:00\" \/>\n<meta name=\"twitter:card\" content=\"summary_large_image\" \/>\n<meta name=\"twitter:label1\" content=\"Estimated reading time\" \/>\n\t<meta name=\"twitter:data1\" content=\"3 minutes\" \/>\n<script type=\"application\/ld+json\" class=\"yoast-schema-graph\">{\"@context\":\"https:\/\/schema.org\",\"@graph\":[{\"@type\":\"WebPage\",\"@id\":\"https:\/\/www.fondazionearnaldopomodoro.it\/servizi\/liberatorie-e-copyright\/\",\"url\":\"https:\/\/www.fondazionearnaldopomodoro.it\/servizi\/liberatorie-e-copyright\/\",\"name\":\"Liberatorie e copyright - Fondazione Arnaldo Pomodoro\",\"isPartOf\":{\"@id\":\"https:\/\/www.fondazionearnaldopomodoro.it\/#website\"},\"datePublished\":\"2023-06-22T12:44:06+00:00\",\"dateModified\":\"2025-11-17T15:18:24+00:00\",\"breadcrumb\":{\"@id\":\"https:\/\/www.fondazionearnaldopomodoro.it\/servizi\/liberatorie-e-copyright\/#breadcrumb\"},\"inLanguage\":\"en-GB\",\"potentialAction\":[{\"@type\":\"ReadAction\",\"target\":[\"https:\/\/www.fondazionearnaldopomodoro.it\/servizi\/liberatorie-e-copyright\/\"]}]},{\"@type\":\"BreadcrumbList\",\"@id\":\"https:\/\/www.fondazionearnaldopomodoro.it\/servizi\/liberatorie-e-copyright\/#breadcrumb\",\"itemListElement\":[{\"@type\":\"ListItem\",\"position\":1,\"name\":\"Servizi\",\"item\":\"https:\/\/www.fondazionearnaldopomodoro.it\/servizi\/\"},{\"@type\":\"ListItem\",\"position\":2,\"name\":\"Liberatorie e copyright\"}]},{\"@type\":\"WebSite\",\"@id\":\"https:\/\/www.fondazionearnaldopomodoro.it\/#website\",\"url\":\"https:\/\/www.fondazionearnaldopomodoro.it\/\",\"name\":\"Fondazione Arnaldo Pomodoro\",\"description\":\"\",\"potentialAction\":[{\"@type\":\"SearchAction\",\"target\":{\"@type\":\"EntryPoint\",\"urlTemplate\":\"https:\/\/www.fondazionearnaldopomodoro.it\/?s={search_term_string}\"},\"query-input\":{\"@type\":\"PropertyValueSpecification\",\"valueRequired\":true,\"valueName\":\"search_term_string\"}}],\"inLanguage\":\"en-GB\"}]}<\/script>\n<!-- \/ Yoast SEO plugin. -->","yoast_head_json":{"title":"Liberatorie e copyright - Fondazione Arnaldo Pomodoro","robots":{"index":"index","follow":"follow","max-snippet":"max-snippet:-1","max-image-preview":"max-image-preview:large","max-video-preview":"max-video-preview:-1"},"canonical":"https:\/\/www.fondazionearnaldopomodoro.it\/en\/servizi\/liberatorie-e-copyright\/","og_locale":"en_GB","og_type":"article","og_title":"Liberatorie e copyright - Fondazione Arnaldo Pomodoro","og_url":"https:\/\/www.fondazionearnaldopomodoro.it\/en\/servizi\/liberatorie-e-copyright\/","og_site_name":"Fondazione Arnaldo Pomodoro","article_modified_time":"2025-11-17T15:18:24+00:00","twitter_card":"summary_large_image","twitter_misc":{"Estimated reading time":"3 minutes"},"schema":{"@context":"https:\/\/schema.org","@graph":[{"@type":"WebPage","@id":"https:\/\/www.fondazionearnaldopomodoro.it\/servizi\/liberatorie-e-copyright\/","url":"https:\/\/www.fondazionearnaldopomodoro.it\/servizi\/liberatorie-e-copyright\/","name":"Liberatorie e copyright - Fondazione Arnaldo Pomodoro","isPartOf":{"@id":"https:\/\/www.fondazionearnaldopomodoro.it\/#website"},"datePublished":"2023-06-22T12:44:06+00:00","dateModified":"2025-11-17T15:18:24+00:00","breadcrumb":{"@id":"https:\/\/www.fondazionearnaldopomodoro.it\/servizi\/liberatorie-e-copyright\/#breadcrumb"},"inLanguage":"en-GB","potentialAction":[{"@type":"ReadAction","target":["https:\/\/www.fondazionearnaldopomodoro.it\/servizi\/liberatorie-e-copyright\/"]}]},{"@type":"BreadcrumbList","@id":"https:\/\/www.fondazionearnaldopomodoro.it\/servizi\/liberatorie-e-copyright\/#breadcrumb","itemListElement":[{"@type":"ListItem","position":1,"name":"Servizi","item":"https:\/\/www.fondazionearnaldopomodoro.it\/servizi\/"},{"@type":"ListItem","position":2,"name":"Liberatorie e copyright"}]},{"@type":"WebSite","@id":"https:\/\/www.fondazionearnaldopomodoro.it\/#website","url":"https:\/\/www.fondazionearnaldopomodoro.it\/","name":"Fondazione Arnaldo Pomodoro","description":"","potentialAction":[{"@type":"SearchAction","target":{"@type":"EntryPoint","urlTemplate":"https:\/\/www.fondazionearnaldopomodoro.it\/?s={search_term_string}"},"query-input":{"@type":"PropertyValueSpecification","valueRequired":true,"valueName":"search_term_string"}}],"inLanguage":"en-GB"}]}},"_links":{"self":[{"href":"https:\/\/www.fondazionearnaldopomodoro.it\/en\/wp-json\/wp\/v2\/pages\/2289","targetHints":{"allow":["GET"]}}],"collection":[{"href":"https:\/\/www.fondazionearnaldopomodoro.it\/en\/wp-json\/wp\/v2\/pages"}],"about":[{"href":"https:\/\/www.fondazionearnaldopomodoro.it\/en\/wp-json\/wp\/v2\/types\/page"}],"author":[{"embeddable":true,"href":"https:\/\/www.fondazionearnaldopomodoro.it\/en\/wp-json\/wp\/v2\/users\/2"}],"replies":[{"embeddable":true,"href":"https:\/\/www.fondazionearnaldopomodoro.it\/en\/wp-json\/wp\/v2\/comments?post=2289"}],"version-history":[{"count":22,"href":"https:\/\/www.fondazionearnaldopomodoro.it\/en\/wp-json\/wp\/v2\/pages\/2289\/revisions"}],"predecessor-version":[{"id":10387,"href":"https:\/\/www.fondazionearnaldopomodoro.it\/en\/wp-json\/wp\/v2\/pages\/2289\/revisions\/10387"}],"up":[{"embeddable":true,"href":"https:\/\/www.fondazionearnaldopomodoro.it\/en\/wp-json\/wp\/v2\/pages\/269"}],"wp:attachment":[{"href":"https:\/\/www.fondazionearnaldopomodoro.it\/en\/wp-json\/wp\/v2\/media?parent=2289"}],"curies":[{"name":"wp","href":"https:\/\/api.w.org\/{rel}","templated":true}]}}